{"id":2686,"date":"2020-09-10T06:45:23","date_gmt":"2020-09-10T06:45:23","guid":{"rendered":"https:\/\/pladent.si\/?page_id=2686"},"modified":"2022-06-06T09:27:33","modified_gmt":"2022-06-06T09:27:33","slug":"social-responsibility","status":"publish","type":"page","link":"https:\/\/pladent.si\/en\/social-responsibility\/","title":{"rendered":"Commitment to Social Responsibility"},"content":{"rendered":"<p>[et_pb_section fb_built=&#8221;1&#8243; admin_label=&#8221;Hero&#8221; _builder_version=&#8221;4.16&#8243; background_color=&#8221;#fcd21d&#8221; background_image=&#8221;https:\/\/pladent.si\/wp-content\/uploads\/2020\/07\/laserski-razrez.jpg&#8221; parallax=&#8221;on&#8221; custom_padding=&#8221;67px|0px|67.1875px|0px|false|false&#8221; global_colors_info=&#8221;{}&#8221;][et_pb_row _builder_version=&#8221;4.16&#8243; custom_padding=&#8221;27px|||||&#8221; animation_direction=&#8221;top&#8221; global_colors_info=&#8221;{}&#8221;][et_pb_column type=&#8221;4_4&#8243; _builder_version=&#8221;4.16&#8243; custom_padding=&#8221;|||&#8221; global_colors_info=&#8221;{}&#8221; custom_padding__hover=&#8221;|||&#8221;][et_pb_text _builder_version=&#8221;4.16&#8243; text_font=&#8221;||||||||&#8221; header_font=&#8221;|700||on|||||&#8221; header_text_color=&#8221;#f7f7f7&#8243; header_font_size=&#8221;60px&#8221; header_line_height=&#8221;1.3em&#8221; custom_margin=&#8221;|||&#8221; header_font_size_tablet=&#8221;&#8221; header_font_size_phone=&#8221;37px&#8221; header_font_size_last_edited=&#8221;on|phone&#8221; locked=&#8221;off&#8221; global_colors_info=&#8221;{}&#8221;]<\/p>\n<h1 style=\"text-align: left;\"><span style=\"color: #353740;\"><span style=\"color: #000000;\"><\/span><\/span><a name=\"_Toc49244837\"><\/a><span style=\"color: #000000;\">Commitment to Social Responsibility<\/span><\/h1>\n<p>[\/et_pb_text][\/et_pb_column][\/et_pb_row][\/et_pb_section][et_pb_section fb_built=&#8221;1&#8243; admin_label=&#8221;Creative Process Section&#8221; _builder_version=&#8221;4.16&#8243; custom_padding=&#8221;38px||47px|||&#8221; global_colors_info=&#8221;{}&#8221;][et_pb_row _builder_version=&#8221;4.16&#8243; width=&#8221;100%&#8221; custom_margin=&#8221;0px|auto||auto||&#8221; global_colors_info=&#8221;{}&#8221;][et_pb_column type=&#8221;4_4&#8243; _builder_version=&#8221;4.16&#8243; global_colors_info=&#8221;{}&#8221;][et_pb_text _builder_version=&#8221;4.17.4&#8243; text_font=&#8221;Arial||||||||&#8221; custom_margin_tablet=&#8221;&#8221; custom_margin_phone=&#8221;&#8221; custom_margin_last_edited=&#8221;on|phone&#8221; custom_padding=&#8221;|20px||20px|false|false&#8221; global_colors_info=&#8221;{}&#8221;]<\/p>\n<p style=\"text-align: justify;\">Business practice in Pladent involves initiatives that benefit our society. We encompass a variety of forms, from <strong>donating to charities<\/strong> and <strong>supporting athletes and sport clubs<\/strong> to development of <strong>local environment<\/strong>.<\/p>\n<p style=\"text-align: justify;\">Business success isn&#8217;t just associated with making profit. It is important for our employees, but <strong>also vital for building our sense of community<\/strong>. We believe that undertaking socially responsible initiatives is truly a doing-good social will that makes a real difference.<\/p>\n<p style=\"text-align: justify;\">Pladent has been committing more and more effort toward supporting sports and good causes in our community. Over the past several years, the company&#8217;s efforts have been directed towards community-focused causes as we believe that <strong>setting a good example is the greatest benefit<\/strong>.<\/p>\n<p style=\"text-align: justify;\">\n<blockquote>\n<p style=\"text-align: center;\"><em>&#8220;We cannot live only for ourselves. A thousand fibers connect us with our fellow men.&#8221;<\/em> <em>Herman Melville<\/em><\/p>\n<\/blockquote>\n<p>[\/et_pb_text][\/et_pb_column][\/et_pb_row][et_pb_row _builder_version=&#8221;4.17.4&#8243; _module_preset=&#8221;default&#8221; global_colors_info=&#8221;{}&#8221;][et_pb_column type=&#8221;4_4&#8243; _builder_version=&#8221;4.17.4&#8243; _module_preset=&#8221;default&#8221; global_colors_info=&#8221;{}&#8221;][et_pb_gallery gallery_ids=&#8221;3275,3277,3279,3281,3283&#8243; posts_number=&#8221;3&#8243; _builder_version=&#8221;4.17.4&#8243; _module_preset=&#8221;default&#8221; title_text_align=&#8221;center&#8221; hover_enabled=&#8221;0&#8243; global_colors_info=&#8221;{}&#8221; sticky_enabled=&#8221;0&#8243;][\/et_pb_gallery][\/et_pb_column][\/et_pb_row][\/et_pb_section][et_pb_section fb_built=&#8221;1&#8243; admin_label=&#8221;Feature Section 03&#8243; _builder_version=&#8221;4.16&#8243; use_background_color_gradient=&#8221;on&#8221; background_color_gradient_stops=&#8221;#ffffff 80%|#ffffff 80%&#8221; background_color_gradient_start=&#8221;#ffffff&#8221; background_color_gradient_start_position=&#8221;80%&#8221; background_color_gradient_end=&#8221;#ffffff&#8221; background_color_gradient_end_position=&#8221;80%&#8221; custom_margin=&#8221;|||&#8221; custom_padding=&#8221;0px||0px|&#8221; global_colors_info=&#8221;{}&#8221;][et_pb_row _builder_version=&#8221;4.16&#8243; width=&#8221;100%&#8221; max_width=&#8221;1730px&#8221; global_colors_info=&#8221;{}&#8221;][et_pb_column type=&#8221;4_4&#8243; _builder_version=&#8221;4.16&#8243; global_colors_info=&#8221;{}&#8221;][et_pb_divider divider_position=&#8221;bottom&#8221; divider_weight=&#8221;2px&#8221; _builder_version=&#8221;4.16&#8243; custom_margin=&#8221;-36px|||||&#8221; global_colors_info=&#8221;{}&#8221;][\/et_pb_divider][\/et_pb_column][\/et_pb_row][\/et_pb_section]<\/p>\n","protected":false},"excerpt":{"rendered":"<p>Commitment to Social ResponsibilityBusiness practice in Pladent involves initiatives that benefit our society. We encompass a variety of forms, from donating to charities and supporting athletes and sport clubs to development of local environment. Business success isn&#8217;t just associated with making profit. It is important for our employees, but also vital for building our sense [&hellip;]<\/p>\n","protected":false},"author":1,"featured_media":0,"parent":0,"menu_order":0,"comment_status":"closed","ping_status":"closed","template":"","meta":{"_et_pb_use_builder":"on","_et_pb_old_content":"<p>[et_pb_section fb_built=\"1\" admin_label=\"Hero\" _builder_version=\"4.4.8\" background_color=\"#fcd21d\" background_image=\"https:\/\/pladent.si\/wp-content\/uploads\/2020\/07\/laserski-razrez.jpg\" parallax=\"on\" custom_padding=\"67px|0px|67.1875px|0px|false|false\"][et_pb_row _builder_version=\"4.4.2\" custom_padding=\"27px|||||\" animation_direction=\"top\"][et_pb_column type=\"4_4\" _builder_version=\"3.25\" custom_padding=\"|||\" custom_padding__hover=\"|||\"][et_pb_text _builder_version=\"4.5.7\" text_font=\"||||||||\" header_font=\"|700||on|||||\" header_text_color=\"#f7f7f7\" header_font_size=\"60px\" header_line_height=\"1.3em\" custom_margin=\"|||\" hover_enabled=\"0\" header_font_size_last_edited=\"on|phone\" locked=\"off\" header_font_size_phone=\"37px\"]<\/p><h1 style=\"text-align: left;\"><span style=\"color: #353740;\"><span style=\"color: #000000;\">dobrodelnost IN DRU\u017dBENA ODGOVORNOST<\/span><br \/><\/span><\/h1><p>[\/et_pb_text][\/et_pb_column][\/et_pb_row][\/et_pb_section][et_pb_section fb_built=\"1\" admin_label=\"Creative Process Section\" _builder_version=\"3.22\" custom_padding=\"38px||47px|||\"][et_pb_row _builder_version=\"4.4.2\" width=\"100%\" custom_margin=\"0px|auto||auto||\"][et_pb_column type=\"4_4\" _builder_version=\"4.4.2\"][et_pb_text _builder_version=\"4.5.7\" text_font=\"Arial||||||||\" hover_enabled=\"0\" custom_margin_last_edited=\"on|phone\" custom_padding=\"|20px||20px|false|false\"]<\/p><p>\u00a0<\/p><h3>V Pladentu poleg skrbi za zaposlene znamo prisluhniti tudi potrebam dru\u017ebe oziroma okolja, v katerem delujemo. Podpiramo dobrodelnost, pomagamo \u0161portnikom in vlagamo v lokalno okolje.<\/h3><p>\u00a0<\/p><p style=\"text-align: justify;\">Vemo, da je uspeh najve\u010d vreden takrat, ko je sadove uspe\u0161nega poslovanja mogo\u010de deliti tudi med tiste, ki sami niso neposredno vplivali na rezultate poslovanja.<\/p><h3 style=\"text-align: justify;\">Tega ne jemljemo kot dol\u017enost, ampak darujemo s srcem.<\/h3><p>\u00a0<\/p><p style=\"text-align: justify;\">Med drugim podpiramo olimpijca, kanuista <strong>Benjamina Sav\u0161ka<\/strong>, preko \u0161portnih aktivnosti sodelujemo pri dobrodelnih akcijah in nikoli ne prezremo prostovoljnih gasilcev. Vsako leto prejmemo veliko pro\u0161enj in ve\u010dini sku\u0161amo pomagati po najbolj\u0161ih mo\u010deh.<\/p><p style=\"text-align: right;\"><em>\"We cannot live only for ourselves. A thousand fibers connect us with our fellow men.\"<\/em><br \/><em>Herman Melville<\/em><\/p><p>[\/et_pb_text][\/et_pb_column][\/et_pb_row][\/et_pb_section][et_pb_section fb_built=\"1\" admin_label=\"Feature Section 03\" _builder_version=\"4.4.2\" use_background_color_gradient=\"on\" background_color_gradient_start=\"#ffffff\" background_color_gradient_end=\"#ffffff\" background_color_gradient_start_position=\"80%\" background_color_gradient_end_position=\"80%\" custom_margin=\"|||\" custom_padding=\"0px||0px|\"][et_pb_row _builder_version=\"4.4.2\" width=\"100%\" max_width=\"1730px\"][et_pb_column type=\"4_4\" _builder_version=\"4.4.2\"][et_pb_divider divider_position=\"bottom\" divider_weight=\"2px\" _builder_version=\"4.4.2\" custom_margin=\"-36px|||||\"][\/et_pb_divider][\/et_pb_column][\/et_pb_row][\/et_pb_section]<\/p>","_et_gb_content_width":"","om_disable_all_campaigns":false,"_monsterinsights_skip_tracking":false,"_monsterinsights_sitenote_active":false,"_monsterinsights_sitenote_note":"","_monsterinsights_sitenote_category":0,"footnotes":""},"class_list":["post-2686","page","type-page","status-publish","hentry"],"aioseo_notices":[],"_links":{"self":[{"href":"https:\/\/pladent.si\/en\/wp-json\/wp\/v2\/pages\/2686","targetHints":{"allow":["GET"]}}],"collection":[{"href":"https:\/\/pladent.si\/en\/wp-json\/wp\/v2\/pages"}],"about":[{"href":"https:\/\/pladent.si\/en\/wp-json\/wp\/v2\/types\/page"}],"author":[{"embeddable":true,"href":"https:\/\/pladent.si\/en\/wp-json\/wp\/v2\/users\/1"}],"replies":[{"embeddable":true,"href":"https:\/\/pladent.si\/en\/wp-json\/wp\/v2\/comments?post=2686"}],"version-history":[{"count":7,"href":"https:\/\/pladent.si\/en\/wp-json\/wp\/v2\/pages\/2686\/revisions"}],"predecessor-version":[{"id":3293,"href":"https:\/\/pladent.si\/en\/wp-json\/wp\/v2\/pages\/2686\/revisions\/3293"}],"wp:attachment":[{"href":"https:\/\/pladent.si\/en\/wp-json\/wp\/v2\/media?parent=2686"}],"curies":[{"name":"wp","href":"https:\/\/api.w.org\/{rel}","templated":true}]}}