{"id":2678,"date":"2020-09-10T06:40:07","date_gmt":"2020-09-10T06:40:07","guid":{"rendered":"https:\/\/pladent.si\/?page_id=2678"},"modified":"2024-05-20T11:30:19","modified_gmt":"2024-05-20T11:30:19","slug":"quality-control","status":"publish","type":"page","link":"https:\/\/pladent.si\/en\/quality-control\/","title":{"rendered":"Quality control"},"content":{"rendered":"<p>[et_pb_section fb_built=&#8221;1&#8243; admin_label=&#8221;Hero&#8221; _builder_version=&#8221;4.16&#8243; background_enable_color=&#8221;off&#8221; background_image=&#8221;https:\/\/pladent.si\/wp-content\/uploads\/2020\/07\/Polipen_SP.jpg&#8221; parallax=&#8221;on&#8221; custom_padding=&#8221;67px|0px|67.1875px|0px|false|false&#8221; global_colors_info=&#8221;{}&#8221;][et_pb_row _builder_version=&#8221;4.16&#8243; custom_padding=&#8221;27px|||||&#8221; animation_direction=&#8221;top&#8221; global_colors_info=&#8221;{}&#8221;][et_pb_column type=&#8221;4_4&#8243; _builder_version=&#8221;4.16&#8243; custom_padding=&#8221;|||&#8221; global_colors_info=&#8221;{}&#8221; custom_padding__hover=&#8221;|||&#8221;][et_pb_text _builder_version=&#8221;4.16&#8243; text_font=&#8221;||||||||&#8221; header_font=&#8221;|700||on|||||&#8221; header_text_color=&#8221;#f7f7f7&#8243; header_font_size=&#8221;60px&#8221; header_line_height=&#8221;1.3em&#8221; custom_margin=&#8221;|||&#8221; header_font_size_tablet=&#8221;&#8221; header_font_size_phone=&#8221;36px&#8221; header_font_size_last_edited=&#8221;on|phone&#8221; locked=&#8221;off&#8221; global_colors_info=&#8221;{}&#8221;]<\/p>\n<h1><span style=\"color: #353740;\"><span style=\"color: #ffffff;\"><\/span><\/span><a name=\"_Toc49244836\"><\/a>Quality control<\/h1>\n<p>[\/et_pb_text][\/et_pb_column][\/et_pb_row][\/et_pb_section][et_pb_section fb_built=&#8221;1&#8243; admin_label=&#8221;Creative Process Section&#8221; _builder_version=&#8221;4.16&#8243; custom_padding=&#8221;38px||47px|||&#8221; global_colors_info=&#8221;{}&#8221;][et_pb_row column_structure=&#8221;1_2,1_2&#8243; _builder_version=&#8221;4.17.4&#8243; _module_preset=&#8221;default&#8221; global_colors_info=&#8221;{}&#8221;][et_pb_column type=&#8221;1_2&#8243; _builder_version=&#8221;4.17.4&#8243; _module_preset=&#8221;default&#8221; global_colors_info=&#8221;{}&#8221;][et_pb_text _builder_version=&#8221;4.25.1&#8243; _module_preset=&#8221;default&#8221; header_2_text_color=&#8221;#E09900&#8243; hover_enabled=&#8221;0&#8243; global_colors_info=&#8221;{}&#8221; header_3_text_color=&#8221;#ff0000&#8243; sticky_enabled=&#8221;0&#8243;]<\/p>\n<h2 style=\"text-align: center;\">We continually upgrade our commitment to operational excellence by upgrading our ISO 9001 quality standard registration<\/h2>\n<h3 style=\"text-align: center;\"><strong><\/strong><\/h3>\n<h3 style=\"text-align: center;\"><strong><\/strong><\/h3>\n<h3 style=\"text-align: center;\"><strong>Our Commitment to Quality<\/strong><\/h3>\n<p style=\"text-align: justify;\">\n<p style=\"text-align: justify;\">To demonstrate our engagement, we consistently upgrade the quality of our products and production processes to meet our customers&#8217; expectations in terms of product quality, quality control and short delivery times. By administering laws and regulations applied in our line of business, we pursue\u00a0<strong>continuous improvement and operational excellence<\/strong>.<\/p>\n<p style=\"text-align: justify;\">Our quality management system, based on IATF 16949 and VDA 6.3 standards,\u00a0 plays an important role in the continuing improvement of our company.\u00a0 With ongoing education and training, we keep up with new technological requirements of automotive and other industries, as well as amend our strategies to follow market trends.<\/p>\n<p style=\"text-align: justify;\">\n<h2 style=\"text-align: center;\">In 2024, we also obtained the ISO 14001 standard<\/h2>\n<p>&nbsp;<\/p>\n<h3 style=\"text-align: center;\"><strong>Our Commitment to the Environment<\/strong><\/h3>\n<p>&nbsp;<\/p>\n<p style=\"text-align: justify;\">We are committed to meeting the requirements of the ISO 14001 standard for environmental management. Our goal is to <strong>reduce our negative impact on the environment and manage natural resources sustainably.<\/strong> We care for the environment and consistently comply with all regulations, laws, and ordinances that apply to our field of operation.<\/p>\n<p style=\"text-align: justify;\">To achieve sustainable management of natural resources, we reduce waste, promote recycling, and strive for energy-efficient processes and the use of environmentally friendly technologies. We are dedicated to educating, training, and raising awareness among our employees about the importance of environmental protection. We encourage all employees to participate in improvements in quality and environmental efficiency, as we believe that shared responsibility is the key to sustainable success.<\/p>\n<p>[\/et_pb_text][et_pb_image src=&#8221;https:\/\/pladent.si\/wp-content\/uploads\/2024\/05\/Pladent-ISO-14001-9001.jpg&#8221; align=&#8221;center&#8221; _builder_version=&#8221;4.25.1&#8243; hover_enabled=&#8221;0&#8243; global_colors_info=&#8221;{}&#8221; title_text=&#8221;Pladent &#8211; ISO 14001, 9001&#8243; sticky_enabled=&#8221;0&#8243;][\/et_pb_image][\/et_pb_column][et_pb_column type=&#8221;1_2&#8243; _builder_version=&#8221;4.17.4&#8243; _module_preset=&#8221;default&#8221; global_colors_info=&#8221;{}&#8221;][et_pb_text _builder_version=&#8221;4.25.1&#8243; _module_preset=&#8221;default&#8221; header_2_text_color=&#8221;#E09900&#8243; hover_enabled=&#8221;0&#8243; global_colors_info=&#8221;{}&#8221; sticky_enabled=&#8221;0&#8243;]<\/p>\n<h2 style=\"text-align: center;\">We have been awarded the status of\u00a0preferred converter\u00a0by 3M.<\/h2>\n<p style=\"text-align: justify;\">\n<p style=\"text-align: justify;\">\n<p style=\"text-align: justify;\">We feel proud that 3M has recognised our engagement and work quality, and has therefore given us the status of an\u00a0<strong>outstanding position<\/strong> in the converting business that will further support our growth. The relationship between 3M and Pladent has seen many successfully delivered projects, and we enjoyed great feedback for the quality and value of these projects. Pladent is the\u00a0<strong>first Slovenian company<\/strong>\u00a0to have received such recognition (and one in eight for the entire CEE region).<\/p>\n<p>[\/et_pb_text][et_pb_image src=&#8221;https:\/\/pladent.si\/wp-content\/uploads\/2020\/03\/3M-Preffered-Converter-Logo.jpg&#8221; _builder_version=&#8221;4.16&#8243; global_colors_info=&#8221;{}&#8221;][\/et_pb_image][et_pb_text _builder_version=&#8221;4.25.1&#8243; _module_preset=&#8221;default&#8221; header_2_text_color=&#8221;#E09900&#8243; hover_enabled=&#8221;0&#8243; sticky_enabled=&#8221;0&#8243;]<\/p>\n<h2 style=\"text-align: center;\">tesa gold converter partner<\/h2>\n<p>&nbsp;<\/p>\n<p style=\"text-align: justify;\">The certificate is awarded to key members of the group of globally recognized converters who work well and successfully with the Tesa brand.<\/p>\n<p>[\/et_pb_text][et_pb_image src=&#8221;https:\/\/pladent.si\/wp-content\/uploads\/2023\/06\/tesa_Gold_converter_partner_80K1.png&#8221; _builder_version=&#8221;4.25.1&#8243; _module_preset=&#8221;default&#8221; title_text=&#8221;tesa_Gold_converter_partner_80K%911%93&#8243; hover_enabled=&#8221;0&#8243; sticky_enabled=&#8221;0&#8243;][\/et_pb_image][et_pb_text _builder_version=&#8221;4.25.1&#8243; _module_preset=&#8221;default&#8221; header_2_text_color=&#8221;#E09900&#8243; hover_enabled=&#8221;0&#8243; global_colors_info=&#8221;{}&#8221; sticky_enabled=&#8221;0&#8243;]<\/p>\n<h2 style=\"text-align: center;\">We introduce new technologies and product quality control into all production processes.<\/h2>\n<p>&nbsp;<\/p>\n<p style=\"text-align: justify;\">Partnering with our suppliers to deliver superior quality materials, we bring our innovations to our customers faster and better. We collaborate closely with our supply partners to drive improvement throughout the product process and quality assurance.<\/p>\n<p>[\/et_pb_text][\/et_pb_column][\/et_pb_row][et_pb_row _builder_version=&#8221;4.17.4&#8243; _module_preset=&#8221;default&#8221; global_colors_info=&#8221;{}&#8221;][et_pb_column type=&#8221;4_4&#8243; _builder_version=&#8221;4.17.4&#8243; _module_preset=&#8221;default&#8221; global_colors_info=&#8221;{}&#8221;][et_pb_button button_url=&#8221;http:\/\/www.pladent.si\/en\/contact&#8221; button_text=&#8221;Send Inquiry&#8221; button_alignment=&#8221;left&#8221; _builder_version=&#8221;4.13.0&#8243; custom_button=&#8221;on&#8221; button_text_size=&#8221;16px&#8221; button_text_color=&#8221;#ffffff&#8221; button_bg_color=&#8221;#e02b20&#8243; button_border_width=&#8221;0px&#8221; button_border_color=&#8221;#ffffff&#8221; button_border_radius=&#8221;10px&#8221; button_letter_spacing=&#8221;2px&#8221; button_font=&#8221;|700||on|||||&#8221; button_icon=&#8221;&#x45;||divi||400&#8243; custom_padding=&#8221;10px||9px||false|false&#8221; button_text_color_hover=&#8221;#ffffff&#8221; button_border_color_hover=&#8221;#ffffff&#8221; button_letter_spacing_hover=&#8221;2px&#8221; button_bg_color_hover=&#8221;rgba(0,0,0,0)&#8221; global_module=&#8221;2716&#8243; locked=&#8221;off&#8221; global_colors_info=&#8221;{}&#8221; button_text_size__hover_enabled=&#8221;off&#8221; button_one_text_size__hover_enabled=&#8221;off&#8221; button_two_text_size__hover_enabled=&#8221;off&#8221; button_text_color__hover_enabled=&#8221;on&#8221; button_text_color__hover=&#8221;#ffffff&#8221; button_one_text_color__hover_enabled=&#8221;off&#8221; button_two_text_color__hover_enabled=&#8221;off&#8221; button_border_width__hover_enabled=&#8221;off&#8221; button_one_border_width__hover_enabled=&#8221;off&#8221; button_two_border_width__hover_enabled=&#8221;off&#8221; button_border_color__hover_enabled=&#8221;on&#8221; button_border_color__hover=&#8221;#ffffff&#8221; button_one_border_color__hover_enabled=&#8221;off&#8221; button_two_border_color__hover_enabled=&#8221;off&#8221; button_border_radius__hover_enabled=&#8221;off&#8221; button_one_border_radius__hover_enabled=&#8221;off&#8221; button_two_border_radius__hover_enabled=&#8221;off&#8221; button_letter_spacing__hover_enabled=&#8221;on&#8221; button_letter_spacing__hover=&#8221;2px&#8221; button_one_letter_spacing__hover_enabled=&#8221;off&#8221; button_two_letter_spacing__hover_enabled=&#8221;off&#8221; button_bg_color__hover_enabled=&#8221;on|hover&#8221; button_bg_color__hover=&#8221;#e02b20&#8243; button_one_bg_color__hover_enabled=&#8221;off&#8221; button_two_bg_color__hover_enabled=&#8221;off&#8221; button_bg_enable_color__hover=&#8221;on&#8221;][\/et_pb_button][\/et_pb_column][\/et_pb_row][\/et_pb_section][et_pb_section fb_built=&#8221;1&#8243; admin_label=&#8221;Feature Section 03&#8243; _builder_version=&#8221;4.16&#8243; use_background_color_gradient=&#8221;on&#8221; background_color_gradient_stops=&#8221;#ffffff 80%|#ffffff 80%&#8221; background_color_gradient_start=&#8221;#ffffff&#8221; background_color_gradient_start_position=&#8221;80%&#8221; background_color_gradient_end=&#8221;#ffffff&#8221; background_color_gradient_end_position=&#8221;80%&#8221; custom_margin=&#8221;|||&#8221; custom_padding=&#8221;0px||0px|&#8221; global_colors_info=&#8221;{}&#8221;][et_pb_row _builder_version=&#8221;4.16&#8243; width=&#8221;100%&#8221; max_width=&#8221;1730px&#8221; global_colors_info=&#8221;{}&#8221;][et_pb_column type=&#8221;4_4&#8243; _builder_version=&#8221;4.16&#8243; global_colors_info=&#8221;{}&#8221;][et_pb_divider divider_position=&#8221;bottom&#8221; divider_weight=&#8221;2px&#8221; _builder_version=&#8221;4.16&#8243; custom_margin=&#8221;-36px|||||&#8221; global_colors_info=&#8221;{}&#8221;][\/et_pb_divider][\/et_pb_column][\/et_pb_row][\/et_pb_section]<\/p>\n","protected":false},"excerpt":{"rendered":"<p>Quality controlWe continually upgrade our commitment to operational excellence by upgrading our ISO 9001 quality standard registration Our Commitment to Quality To demonstrate our engagement, we consistently upgrade the quality of our products and production processes to meet our customers&#8217; expectations in terms of product quality, quality control and short delivery times. By administering laws [&hellip;]<\/p>\n","protected":false},"author":1,"featured_media":0,"parent":0,"menu_order":0,"comment_status":"closed","ping_status":"closed","template":"","meta":{"_et_pb_use_builder":"on","_et_pb_old_content":"<p>[et_pb_section fb_built=\"1\" admin_label=\"Hero\" _builder_version=\"4.5.7\" background_image=\"https:\/\/pladent.si\/wp-content\/uploads\/2020\/07\/Polipen_SP.jpg\" parallax=\"on\" custom_padding=\"67px|0px|67.1875px|0px|false|false\" hover_enabled=\"0\" background_enable_color=\"off\"][et_pb_row _builder_version=\"4.4.2\" custom_padding=\"27px|||||\" animation_direction=\"top\"][et_pb_column type=\"4_4\" _builder_version=\"3.25\" custom_padding=\"|||\" custom_padding__hover=\"|||\"][et_pb_text _builder_version=\"4.5.7\" text_font=\"||||||||\" header_font=\"|700||on|||||\" header_text_color=\"#f7f7f7\" header_font_size=\"60px\" header_line_height=\"1.3em\" custom_margin=\"|||\" hover_enabled=\"0\" header_font_size_last_edited=\"on|phone\" locked=\"off\" header_font_size_phone=\"36px\"]<\/p><h1><span style=\"color: #353740;\"><span style=\"color: #ffffff;\">zagotavljanje kakovosti<\/span><br \/><\/span><\/h1><p>[\/et_pb_text][\/et_pb_column][\/et_pb_row][\/et_pb_section][et_pb_section fb_built=\"1\" admin_label=\"Creative Process Section\" _builder_version=\"3.22\" custom_padding=\"38px||47px|||\"][et_pb_row _builder_version=\"4.4.2\" width=\"100%\" custom_margin=\"0px|auto||auto||\"][et_pb_column type=\"4_4\" _builder_version=\"4.4.2\"][et_pb_text _builder_version=\"4.5.7\" text_font=\"Arial||||||||\" hover_enabled=\"0\" custom_margin_last_edited=\"on|desktop\" custom_padding=\"|40px||40px|false|false\"]<\/p><h2 style=\"text-align: justify;\"><span style=\"font-size: 24px;\">Kvaliteto procesov vsako leto potrjujemo s standardom ISO 9001.<\/span><\/h2><p style=\"text-align: justify;\">Z nenehnimi izbolj\u0161avami proizvodnih procesov dosegamo bolj\u0161o <strong>kakovost<\/strong>, bolj\u0161i nadzor\u00a0nad <strong>kvaliteto<\/strong> izdelka ter <strong>kratke proizvodne roke<\/strong>. Skrbimo za upo\u0161tevanje vseh zakonov, uredb in predpisov, ki zajemajo na\u0161e podro\u010dje delovanja.<\/p><p style=\"text-align: justify;\">Sistem vodenja kakovosti temelji na zahtevah <strong>avtomobilskih standardov<\/strong> IATF 16949 in VDA 6.3. S stalnim izobra\u017eevanjem zaposlenih smo ves \u010das v koraku z novimi zahtevami tako v avtomobilski kot tudi v drugih industrijah, ter pripravljeni slediti spremembam\u00a0na trgu.<\/p><h2 style=\"text-align: justify;\"><span style=\"font-size: 24px;\">Postali smo\u00a0\u00bb3M Preferred Converter\u00ab<\/span><\/h2><p style=\"text-align: justify;\">3M\u00a0<a href=\"https:\/\/pladent.si\/sl\/novosti\/812019-pladent-postal-izbrani-obdelovalec-3m-preferred-converter\"><strong>najvi\u0161je priznanje obdelovalca materialov<\/strong>\u00a0<\/a>dodeli le izbranim partnerjem, kar potrjuje na\u0161o odli\u010dnost pri delu, dokazuje na\u0161e znanje ter utrjuje medsebojni odnos z 3M. Smo\u00a0<strong>prvo podjetje v Sloveniji<\/strong>, ki je prejelo ta naziv in eno od osmih v celotni CEE regiji.<\/p><h2 style=\"text-align: justify;\"><span style=\"font-size: 24px;\">V proizvodne procese uvajamo nove na\u010dine in tehnologije kontrole izdelkov.<\/span><\/h2><p style=\"text-align: justify;\">S tesnim sodelovanjem z dobavitelji materialov uspemo izbolj\u0161ati proces izdelave izdelkov in zmanj\u0161ujemo \u0161tevilo napak.<\/p><p>\u00a0<\/p><p>\u00a0<\/p><p>[\/et_pb_text][\/et_pb_column][\/et_pb_row][et_pb_row column_structure=\"1_2,1_2\" _builder_version=\"4.5.7\" hover_enabled=\"0\" custom_margin_last_edited=\"on|phone\" custom_padding=\"|40px||40px|false|false\"][et_pb_column type=\"1_2\" _builder_version=\"4.4.2\"][et_pb_image src=\"https:\/\/pladent.si\/wp-content\/uploads\/2020\/03\/Cert-znak-SIQ-Q-963.jpg\" _builder_version=\"4.4.2\"][\/et_pb_image][\/et_pb_column][et_pb_column type=\"1_2\" _builder_version=\"4.4.2\"][et_pb_image src=\"https:\/\/pladent.si\/wp-content\/uploads\/2020\/03\/3M-Preffered-Converter-Logo.jpg\" _builder_version=\"4.4.2\"][\/et_pb_image][\/et_pb_column][\/et_pb_row][\/et_pb_section][et_pb_section fb_built=\"1\" admin_label=\"Feature Section 03\" _builder_version=\"4.4.2\" use_background_color_gradient=\"on\" background_color_gradient_start=\"#ffffff\" background_color_gradient_end=\"#ffffff\" background_color_gradient_start_position=\"80%\" background_color_gradient_end_position=\"80%\" custom_margin=\"|||\" custom_padding=\"0px||0px|\"][et_pb_row _builder_version=\"4.4.2\" width=\"100%\" max_width=\"1730px\"][et_pb_column type=\"4_4\" _builder_version=\"4.4.2\"][et_pb_divider divider_position=\"bottom\" divider_weight=\"2px\" _builder_version=\"4.4.2\" custom_margin=\"-36px|||||\"][\/et_pb_divider][\/et_pb_column][\/et_pb_row][\/et_pb_section]<\/p>","_et_gb_content_width":"","om_disable_all_campaigns":false,"_monsterinsights_skip_tracking":false,"_monsterinsights_sitenote_active":false,"_monsterinsights_sitenote_note":"","_monsterinsights_sitenote_category":0,"footnotes":""},"class_list":["post-2678","page","type-page","status-publish","hentry"],"aioseo_notices":[],"_links":{"self":[{"href":"https:\/\/pladent.si\/en\/wp-json\/wp\/v2\/pages\/2678","targetHints":{"allow":["GET"]}}],"collection":[{"href":"https:\/\/pladent.si\/en\/wp-json\/wp\/v2\/pages"}],"about":[{"href":"https:\/\/pladent.si\/en\/wp-json\/wp\/v2\/types\/page"}],"author":[{"embeddable":true,"href":"https:\/\/pladent.si\/en\/wp-json\/wp\/v2\/users\/1"}],"replies":[{"embeddable":true,"href":"https:\/\/pladent.si\/en\/wp-json\/wp\/v2\/comments?post=2678"}],"version-history":[{"count":7,"href":"https:\/\/pladent.si\/en\/wp-json\/wp\/v2\/pages\/2678\/revisions"}],"predecessor-version":[{"id":4322,"href":"https:\/\/pladent.si\/en\/wp-json\/wp\/v2\/pages\/2678\/revisions\/4322"}],"wp:attachment":[{"href":"https:\/\/pladent.si\/en\/wp-json\/wp\/v2\/media?parent=2678"}],"curies":[{"name":"wp","href":"https:\/\/api.w.org\/{rel}","templated":true}]}}