{"id":2671,"date":"2020-09-10T06:34:56","date_gmt":"2020-09-10T06:34:56","guid":{"rendered":"https:\/\/pladent.si\/?page_id=2671"},"modified":"2020-09-10T06:38:56","modified_gmt":"2020-09-10T06:38:56","slug":"technologies-and-machinery","status":"publish","type":"page","link":"https:\/\/pladent.si\/en\/technologies-and-machinery\/","title":{"rendered":"Technologies and machinery"},"content":{"rendered":"<p>[et_pb_section fb_built=&#8221;1&#8243; admin_label=&#8221;Hero&#8221; _builder_version=&#8221;4.6.0&#8243; background_color=&#8221;#fcd21d&#8221; background_image=&#8221;https:\/\/pladent.si\/wp-content\/uploads\/2020\/07\/oscilacija.jpg&#8221; parallax=&#8221;on&#8221; custom_padding=&#8221;67px|0px|67.1875px|0px|false|false&#8221; hover_enabled=&#8221;0&#8243; sticky_enabled=&#8221;0&#8243;][et_pb_row _builder_version=&#8221;4.4.2&#8243; custom_padding=&#8221;27px|||||&#8221; animation_direction=&#8221;top&#8221;][et_pb_column type=&#8221;4_4&#8243; _builder_version=&#8221;3.25&#8243; custom_padding=&#8221;|||&#8221; custom_padding__hover=&#8221;|||&#8221;][et_pb_text _builder_version=&#8221;4.5.7&#8243; text_font=&#8221;||||||||&#8221; header_font=&#8221;|700||on|||||&#8221; header_text_color=&#8221;#f7f7f7&#8243; header_font_size=&#8221;60px&#8221; header_line_height=&#8221;1.3em&#8221; custom_margin=&#8221;|||&#8221; header_font_size_tablet=&#8221;&#8221; header_font_size_phone=&#8221;40px&#8221; header_font_size_last_edited=&#8221;on|phone&#8221; locked=&#8221;off&#8221;]<\/p>\n<h1 style=\"text-align: left;\"><span style=\"color: #353740;\"><span style=\"color: #ffffff;\"><\/span><\/span><a name=\"_Toc49244835\"><\/a>Technologies and machinery<\/h1>\n<p>[\/et_pb_text][\/et_pb_column][\/et_pb_row][\/et_pb_section][et_pb_section fb_built=&#8221;1&#8243; admin_label=&#8221;Creative Process Section&#8221; _builder_version=&#8221;3.22&#8243; custom_padding=&#8221;38px||47px|||&#8221;][et_pb_row column_structure=&#8221;1_3,1_3,1_3&#8243; _builder_version=&#8221;4.5.7&#8243; custom_margin_tablet=&#8221;&#8221; custom_margin_phone=&#8221;&#8221; custom_margin_last_edited=&#8221;on|desktop&#8221;][et_pb_column type=&#8221;1_3&#8243; _builder_version=&#8221;4.4.8&#8243;][et_pb_image src=&#8221;https:\/\/pladent.si\/wp-content\/uploads\/2020\/07\/Pladent-industrijski-pladenj-1.jpg&#8221; title_text=&#8221;dav&#8221; url=&#8221;@ET-DC@eyJkeW5hbWljIjp0cnVlLCJjb250ZW50IjoicG9zdF9saW5rX3VybF9wYWdlIiwic2V0dGluZ3MiOnsicG9zdF9pZCI6IjY3NCJ9fQ==@&#8221; _builder_version=&#8221;4.4.8&#8243; _dynamic_attributes=&#8221;url&#8221;][\/et_pb_image][\/et_pb_column][et_pb_column type=&#8221;1_3&#8243; _builder_version=&#8221;4.4.8&#8243;][et_pb_image src=&#8221;https:\/\/pladent.si\/wp-content\/uploads\/2020\/07\/Pladent-razrez-in-izsek-1.jpg&#8221; title_text=&#8221;Pladent &#8211; razrez in izsek (1)&#8221; url=&#8221;@ET-DC@eyJkeW5hbWljIjp0cnVlLCJjb250ZW50IjoicG9zdF9saW5rX3VybF9wYWdlIiwic2V0dGluZ3MiOnsicG9zdF9pZCI6IjY2MiJ9fQ==@&#8221; _builder_version=&#8221;4.4.8&#8243; _dynamic_attributes=&#8221;url&#8221; custom_margin=&#8221;||57px|||&#8221;][\/et_pb_image][\/et_pb_column][et_pb_column type=&#8221;1_3&#8243; _builder_version=&#8221;4.4.8&#8243;][et_pb_image src=&#8221;https:\/\/pladent.si\/wp-content\/uploads\/2020\/07\/Pladent-razrez-in-izsek-9.jpg&#8221; title_text=&#8221;Pladent &#8211; razrez in izsek (9)&#8221; url=&#8221;@ET-DC@eyJkeW5hbWljIjp0cnVlLCJjb250ZW50IjoicG9zdF9saW5rX3VybF9wYWdlIiwic2V0dGluZ3MiOnsicG9zdF9pZCI6IjkxMiJ9fQ==@&#8221; _builder_version=&#8221;4.4.8&#8243; _dynamic_attributes=&#8221;url&#8221;][\/et_pb_image][\/et_pb_column][\/et_pb_row][et_pb_row _builder_version=&#8221;4.6.0&#8243; width=&#8221;1080px&#8221; custom_margin=&#8221;0px|auto||auto||&#8221; hover_enabled=&#8221;0&#8243; sticky_enabled=&#8221;0&#8243;][et_pb_column type=&#8221;4_4&#8243; _builder_version=&#8221;4.4.2&#8243;][et_pb_text _builder_version=&#8221;4.6.0&#8243; text_font=&#8221;Arial||||||||&#8221; custom_margin_tablet=&#8221;&#8221; custom_margin_phone=&#8221;&#8221; custom_margin_last_edited=&#8221;on|phone&#8221; custom_padding=&#8221;|40px||40px|false|false&#8221; hover_enabled=&#8221;0&#8243; width=&#8221;1080px&#8221; max_width=&#8221;1080px&#8221; module_alignment=&#8221;center&#8221; sticky_enabled=&#8221;0&#8243;]<\/p>\n<h2>Pre-Production Sampling<\/h2>\n<p>Using a laser and a smaller 3D printer, we can ensure pre-production\u00a0sampling\u00a0as well as fully functional samples before production is launched. Pre-production sampling supports the development of new products and finding\u00a0optimal solutions.<\/p>\n<p>&nbsp;<\/p>\n<h2>Tool-shop<\/h2>\n<p>Though we do not make tools for vacuum forming and slitting ourselves, we can enhance the maintenance process in our in-house tool shop. We can thus maximize manufacturing efficiency and preventive maintenance. Our tool shop allows us to do some machining changes or adjustment to the moulds to make needed engineering changes to the products (in adhesion or product manufacturing)<\/p>\n<p>[\/et_pb_text][et_pb_text _builder_version=&#8221;4.5.7&#8243; text_font=&#8221;Arial||||||||&#8221; custom_margin_tablet=&#8221;&#8221; custom_margin_phone=&#8221;&#8221; custom_margin_last_edited=&#8221;on|phone&#8221; custom_padding=&#8221;|40px||40px|false|false&#8221;]<\/p>\n<h2>Machinery<\/h2>\n<p>3 Die-Cutters and Kiss-cutters<\/p>\n<p>Kiss-cutting Rotary Press<\/p>\n<p>5 Vacuum Forming Machines<\/p>\n<p>6 Roll Presses<\/p>\n<p>2 plotter Lasers<\/p>\n<p>Roll-to-Roll Laser<\/p>\n<p>Collaborative Robot<\/p>\n<p>3 Slitting Machines<\/p>\n<p>Rewinding Machines<\/p>\n<p>Laminating Machines<\/p>\n<p>Various Cutting Machines \u2013 Longitudinal, Format and Transversal Cutting<\/p>\n<p>Milling Machine<\/p>\n<p>Lathe<\/p>\n<p>Drilling Machine<\/p>\n<p>Various Saws<\/p>\n<p><\/p>\n<p>&nbsp;<\/p>\n<p>[\/et_pb_text][\/et_pb_column][\/et_pb_row][et_pb_row column_structure=&#8221;1_3,1_3,1_3&#8243; _builder_version=&#8221;4.5.7&#8243; _module_preset=&#8221;default&#8221;][et_pb_column type=&#8221;1_3&#8243; _builder_version=&#8221;4.5.7&#8243; _module_preset=&#8221;default&#8221;][et_pb_image src=&#8221;https:\/\/pladent.si\/wp-content\/uploads\/2020\/04\/Pladent_PC_Komenda_13_compressed.jpg&#8221; title_text=&#8221;Pladent_PC_Komenda_13_compressed&#8221; _builder_version=&#8221;4.5.7&#8243; _module_preset=&#8221;default&#8221;][\/et_pb_image][\/et_pb_column][et_pb_column type=&#8221;1_3&#8243; _builder_version=&#8221;4.5.7&#8243; _module_preset=&#8221;default&#8221;][et_pb_image src=&#8221;https:\/\/pladent.si\/wp-content\/uploads\/2020\/04\/Pladent_PC_Komenda_12_compressed.jpg&#8221; title_text=&#8221;Pladent_PC_Komenda_12_compressed&#8221; _builder_version=&#8221;4.5.7&#8243; _module_preset=&#8221;default&#8221;][\/et_pb_image][\/et_pb_column][et_pb_column type=&#8221;1_3&#8243; _builder_version=&#8221;4.5.7&#8243; _module_preset=&#8221;default&#8221;][et_pb_image src=&#8221;https:\/\/pladent.si\/wp-content\/uploads\/2020\/04\/Pladent_PC_Komenda_15_compressed.jpg&#8221; title_text=&#8221;Pladent_PC_Komenda_15_compressed&#8221; _builder_version=&#8221;4.5.7&#8243; _module_preset=&#8221;default&#8221;][\/et_pb_image][\/et_pb_column][\/et_pb_row][\/et_pb_section][et_pb_section fb_built=&#8221;1&#8243; admin_label=&#8221;Feature Section 03&#8243; _builder_version=&#8221;4.4.2&#8243; use_background_color_gradient=&#8221;on&#8221; background_color_gradient_start=&#8221;#ffffff&#8221; background_color_gradient_end=&#8221;#ffffff&#8221; background_color_gradient_start_position=&#8221;80%&#8221; background_color_gradient_end_position=&#8221;80%&#8221; custom_margin=&#8221;|||&#8221; custom_padding=&#8221;0px||0px|&#8221;][et_pb_row _builder_version=&#8221;4.4.2&#8243; width=&#8221;100%&#8221; max_width=&#8221;1730px&#8221;][et_pb_column type=&#8221;4_4&#8243; _builder_version=&#8221;4.4.2&#8243;][et_pb_divider divider_position=&#8221;bottom&#8221; divider_weight=&#8221;2px&#8221; _builder_version=&#8221;4.4.2&#8243; custom_margin=&#8221;-36px|||||&#8221;][\/et_pb_divider][\/et_pb_column][\/et_pb_row][\/et_pb_section]<\/p>\n","protected":false},"excerpt":{"rendered":"<p>Technologies and machineryPre-Production Sampling Using a laser and a smaller 3D printer, we can ensure pre-production\u00a0sampling\u00a0as well as fully functional samples before production is launched. Pre-production sampling supports the development of new products and finding\u00a0optimal solutions. &nbsp; Tool-shop Though we do not make tools for vacuum forming and slitting ourselves, we can enhance the maintenance [&hellip;]<\/p>\n","protected":false},"author":1,"featured_media":0,"parent":0,"menu_order":0,"comment_status":"closed","ping_status":"closed","template":"","meta":{"_et_pb_use_builder":"on","_et_pb_old_content":"<p>[et_pb_section fb_built=\"1\" admin_label=\"Hero\" _builder_version=\"4.4.8\" background_color=\"#fcd21d\" background_image=\"https:\/\/pladent.si\/wp-content\/uploads\/2020\/07\/oscilacija.jpg\" parallax=\"on\" custom_padding=\"67px|0px|67.1875px|0px|false|false\"][et_pb_row _builder_version=\"4.4.2\" custom_padding=\"27px|||||\" animation_direction=\"top\"][et_pb_column type=\"4_4\" _builder_version=\"3.25\" custom_padding=\"|||\" custom_padding__hover=\"|||\"][et_pb_text _builder_version=\"4.5.7\" text_font=\"||||||||\" header_font=\"|700||on|||||\" header_text_color=\"#f7f7f7\" header_font_size=\"60px\" header_line_height=\"1.3em\" custom_margin=\"|||\" hover_enabled=\"0\" header_font_size_last_edited=\"on|phone\" locked=\"off\" header_font_size_phone=\"40px\"]<\/p><h1 style=\"text-align: left;\"><span style=\"color: #353740;\"><span style=\"color: #ffffff;\">TEhnologija in STROJni park<\/span><br \/><\/span><\/h1><p>[\/et_pb_text][\/et_pb_column][\/et_pb_row][\/et_pb_section][et_pb_section fb_built=\"1\" admin_label=\"Creative Process Section\" _builder_version=\"3.22\" custom_padding=\"38px||47px|||\"][et_pb_row _builder_version=\"4.4.8\"][et_pb_column type=\"4_4\" _builder_version=\"4.4.8\"][et_pb_text _builder_version=\"4.4.8\"]<\/p><p><strong>OSNOVNE TEHNOLOGIJE<\/strong><\/p><p>[\/et_pb_text][\/et_pb_column][\/et_pb_row][et_pb_row column_structure=\"1_3,1_3,1_3\" _builder_version=\"4.5.7\" hover_enabled=\"0\" custom_margin_last_edited=\"on|desktop\"][et_pb_column type=\"1_3\" _builder_version=\"4.4.8\"][et_pb_image src=\"https:\/\/pladent.si\/wp-content\/uploads\/2020\/07\/Pladent-industrijski-pladenj-1.jpg\" title_text=\"dav\" url=\"@ET-DC@eyJkeW5hbWljIjp0cnVlLCJjb250ZW50IjoicG9zdF9saW5rX3VybF9wYWdlIiwic2V0dGluZ3MiOnsicG9zdF9pZCI6IjY3NCJ9fQ==@\" _builder_version=\"4.4.8\" _dynamic_attributes=\"url\"][\/et_pb_image][\/et_pb_column][et_pb_column type=\"1_3\" _builder_version=\"4.4.8\"][et_pb_image src=\"https:\/\/pladent.si\/wp-content\/uploads\/2020\/07\/Pladent-razrez-in-izsek-1.jpg\" title_text=\"Pladent - razrez in izsek (1)\" url=\"@ET-DC@eyJkeW5hbWljIjp0cnVlLCJjb250ZW50IjoicG9zdF9saW5rX3VybF9wYWdlIiwic2V0dGluZ3MiOnsicG9zdF9pZCI6IjY2MiJ9fQ==@\" _builder_version=\"4.4.8\" _dynamic_attributes=\"url\" custom_margin=\"||57px|||\"][\/et_pb_image][\/et_pb_column][et_pb_column type=\"1_3\" _builder_version=\"4.4.8\"][et_pb_image src=\"https:\/\/pladent.si\/wp-content\/uploads\/2020\/07\/Pladent-razrez-in-izsek-9.jpg\" title_text=\"Pladent - razrez in izsek (9)\" url=\"@ET-DC@eyJkeW5hbWljIjp0cnVlLCJjb250ZW50IjoicG9zdF9saW5rX3VybF9wYWdlIiwic2V0dGluZ3MiOnsicG9zdF9pZCI6IjkxMiJ9fQ==@\" _builder_version=\"4.4.8\" _dynamic_attributes=\"url\"][\/et_pb_image][\/et_pb_column][\/et_pb_row][et_pb_row _builder_version=\"4.5.7\" width=\"100%\" custom_margin=\"0px|auto||auto||\" hover_enabled=\"0\"][et_pb_column type=\"4_4\" _builder_version=\"4.4.2\"][et_pb_text _builder_version=\"4.5.7\" text_font=\"Arial||||||||\" hover_enabled=\"0\" custom_margin_last_edited=\"on|phone\" custom_padding=\"|40px||40px|false|false\"]<\/p><p><span style=\"font-size: 24px;\">Izdelava vzorcev<\/span><\/p><p style=\"text-align: justify;\">S pomo\u010djo laserja, oscilacije in manj\u0161ega 3D tiskalnika lahko pred za\u010detkom serijske proizvodnje hitro izdelamo <strong>vzor\u010dno serijo<\/strong>, na podlagi katere naredimo prehod na serijsko proizvodnjo. Vzor\u010denje pripomore pri razvoju novih produktov in iskanju najbolj <strong>optimalnih re\u0161itev<\/strong>.<\/p><h2 style=\"text-align: justify;\"><span style=\"font-size: 24px;\">Orodjarna<\/span><\/h2><p style=\"text-align: justify;\">\u010ceprav sami ne izdelujemo orodja za vakuumiranje in razrez, z lastno orodjarno hitro in u\u010dinkovito popravimo manj\u0161e napake ter s tem prepre\u010dimo zastoje v proizvodnih procesih. Lastna orodjarna je klju\u010dnega pomena tudi pri izdelavi <strong>razli\u010dnih dodatkov<\/strong> in <strong>posodobitev strojev<\/strong>, ki olaj\u0161ajo delo ter pri izdelavi \u0161ablon (kot pripomo\u010dek za lepljenje ali izdelavo razli\u010dnih izdelkov).<\/p><p>\u00a0<\/p><p>[\/et_pb_text][et_pb_image src=\"https:\/\/pladent.si\/wp-content\/uploads\/2020\/04\/zakaj_delati_z_nami.jpg.png\" force_fullwidth=\"on\" align_tablet=\"center\" align_phone=\"\" align_last_edited=\"on|desktop\" _builder_version=\"4.5.7\" animation_direction=\"right\" hover_enabled=\"0\" box_shadow_style=\"preset7\" box_shadow_horizontal=\"0px\" box_shadow_vertical=\"0px\" box_shadow_spread=\"10px\" box_shadow_color=\"#ffffff\" custom_margin_last_edited=\"on|phone\" custom_padding=\"|40px||40px|false|false\"][\/et_pb_image][et_pb_text _builder_version=\"4.5.7\" text_font=\"Arial||||||||\" hover_enabled=\"0\" custom_margin_last_edited=\"on|phone\" custom_padding=\"|40px||40px|false|false\"]<\/p><p><span style=\"font-size: 24px;\">Strojni park<\/span><\/p><ul><li>3 stroji za izsek in razrez<\/li><li>Rotacijska \u0161tanca<\/li><li>5 vakuumirnih strojev<\/li><li>6 valj\u010dnih pre\u0161<\/li><li>2 veliko-formatna laserja<\/li><li>Preto\u010dni laser<\/li><li>Kolaborativni robot<\/li><li>3 vretenski rezalni stroji<\/li><li>Stroj za varjenje in sekanje cevk<\/li><li>Previjalni stroj<\/li><li>Laminirni stroj<\/li><li>Razli\u010dni rezalni stroji - vzdol\u017eno, formatno in pre\u010dno rezanje<\/li><li>Rezkalni stroj<\/li><li>Stru\u017enica<\/li><li>Vrtalni stroj<\/li><li>Razli\u010dne \u017eage<\/li><\/ul><p>\u00a0<\/p><p>[\/et_pb_text][\/et_pb_column][\/et_pb_row][et_pb_row _builder_version=\"4.5.7\" _module_preset=\"default\" column_structure=\"1_3,1_3,1_3\" hover_enabled=\"0\"][et_pb_column _builder_version=\"4.5.7\" _module_preset=\"default\" type=\"1_3\"][et_pb_image src=\"https:\/\/pladent.si\/wp-content\/uploads\/2020\/04\/Pladent_PC_Komenda_13_compressed.jpg\" _builder_version=\"4.5.7\" _module_preset=\"default\" title_text=\"Pladent_PC_Komenda_13_compressed\" hover_enabled=\"0\"][\/et_pb_image][\/et_pb_column][et_pb_column _builder_version=\"4.5.7\" _module_preset=\"default\" type=\"1_3\"][et_pb_image src=\"https:\/\/pladent.si\/wp-content\/uploads\/2020\/04\/Pladent_PC_Komenda_12_compressed.jpg\" _builder_version=\"4.5.7\" _module_preset=\"default\" title_text=\"Pladent_PC_Komenda_12_compressed\" hover_enabled=\"0\"][\/et_pb_image][\/et_pb_column][et_pb_column _builder_version=\"4.5.7\" _module_preset=\"default\" type=\"1_3\"][et_pb_image src=\"https:\/\/pladent.si\/wp-content\/uploads\/2020\/04\/Pladent_PC_Komenda_15_compressed.jpg\" _builder_version=\"4.5.7\" _module_preset=\"default\" title_text=\"Pladent_PC_Komenda_15_compressed\" hover_enabled=\"0\"][\/et_pb_image][\/et_pb_column][\/et_pb_row][\/et_pb_section][et_pb_section fb_built=\"1\" admin_label=\"Feature Section 03\" _builder_version=\"4.4.2\" use_background_color_gradient=\"on\" background_color_gradient_start=\"#ffffff\" background_color_gradient_end=\"#ffffff\" background_color_gradient_start_position=\"80%\" background_color_gradient_end_position=\"80%\" custom_margin=\"|||\" custom_padding=\"0px||0px|\"][et_pb_row _builder_version=\"4.4.2\" width=\"100%\" max_width=\"1730px\"][et_pb_column type=\"4_4\" _builder_version=\"4.4.2\"][et_pb_divider divider_position=\"bottom\" divider_weight=\"2px\" _builder_version=\"4.4.2\" custom_margin=\"-36px|||||\"][\/et_pb_divider][\/et_pb_column][\/et_pb_row][\/et_pb_section]<\/p>","_et_gb_content_width":"","om_disable_all_campaigns":false,"_monsterinsights_skip_tracking":false,"_monsterinsights_sitenote_active":false,"_monsterinsights_sitenote_note":"","_monsterinsights_sitenote_category":0,"footnotes":""},"class_list":["post-2671","page","type-page","status-publish","hentry"],"aioseo_notices":[],"_links":{"self":[{"href":"https:\/\/pladent.si\/en\/wp-json\/wp\/v2\/pages\/2671","targetHints":{"allow":["GET"]}}],"collection":[{"href":"https:\/\/pladent.si\/en\/wp-json\/wp\/v2\/pages"}],"about":[{"href":"https:\/\/pladent.si\/en\/wp-json\/wp\/v2\/types\/page"}],"author":[{"embeddable":true,"href":"https:\/\/pladent.si\/en\/wp-json\/wp\/v2\/users\/1"}],"replies":[{"embeddable":true,"href":"https:\/\/pladent.si\/en\/wp-json\/wp\/v2\/comments?post=2671"}],"version-history":[{"count":4,"href":"https:\/\/pladent.si\/en\/wp-json\/wp\/v2\/pages\/2671\/revisions"}],"predecessor-version":[{"id":2677,"href":"https:\/\/pladent.si\/en\/wp-json\/wp\/v2\/pages\/2671\/revisions\/2677"}],"wp:attachment":[{"href":"https:\/\/pladent.si\/en\/wp-json\/wp\/v2\/media?parent=2671"}],"curies":[{"name":"wp","href":"https:\/\/api.w.org\/{rel}","templated":true}]}}