{"id":2653,"date":"2020-09-10T06:22:19","date_gmt":"2020-09-10T06:22:19","guid":{"rendered":"https:\/\/pladent.si\/?page_id=2653"},"modified":"2024-05-20T11:22:30","modified_gmt":"2024-05-20T11:22:30","slug":"about-us","status":"publish","type":"page","link":"https:\/\/pladent.si\/en\/about-us\/","title":{"rendered":"About us"},"content":{"rendered":"<p>[et_pb_section fb_built=&#8221;1&#8243; admin_label=&#8221;Hero&#8221; _builder_version=&#8221;4.16&#8243; background_color=&#8221;#fcd21d&#8221; background_image=&#8221;https:\/\/pladent.si\/wp-content\/uploads\/2020\/04\/banner-pene.jpg&#8221; parallax=&#8221;on&#8221; custom_padding=&#8221;67px|0px|67.1875px|0px|false|false&#8221; global_colors_info=&#8221;{}&#8221;][et_pb_row _builder_version=&#8221;4.16&#8243; custom_padding=&#8221;27px|||||&#8221; animation_direction=&#8221;top&#8221; global_colors_info=&#8221;{}&#8221;][et_pb_column type=&#8221;4_4&#8243; _builder_version=&#8221;4.16&#8243; custom_padding=&#8221;|||&#8221; global_colors_info=&#8221;{}&#8221; custom_padding__hover=&#8221;|||&#8221;][et_pb_text _builder_version=&#8221;4.16&#8243; text_font=&#8221;||||||||&#8221; header_font=&#8221;Montserrat|700||on|||||&#8221; header_text_color=&#8221;#f7f7f7&#8243; header_font_size=&#8221;60px&#8221; header_line_height=&#8221;1.3em&#8221; custom_margin=&#8221;|||&#8221; header_font_size_last_edited=&#8221;off|desktop&#8221; locked=&#8221;off&#8221; global_colors_info=&#8221;{}&#8221;]<\/p>\n<h1><span style=\"color: #353740;\"><span style=\"color: #ffffff;\">about us<\/span><br \/><\/span><\/h1>\n<p>[\/et_pb_text][\/et_pb_column][\/et_pb_row][\/et_pb_section][et_pb_section fb_built=&#8221;1&#8243; admin_label=&#8221;Creative Process Section&#8221; _builder_version=&#8221;4.16&#8243; custom_padding=&#8221;38px||6px|||&#8221; global_colors_info=&#8221;{}&#8221;][et_pb_row admin_label=&#8221;Service Section Title&#8221; _builder_version=&#8221;4.16&#8243; custom_margin=&#8221;-35px|auto|40px|auto||&#8221; custom_padding=&#8221;||4px|||&#8221; animation_direction=&#8221;top&#8221; saved_tabs=&#8221;all&#8221; locked=&#8221;off&#8221; global_colors_info=&#8221;{}&#8221;][et_pb_column type=&#8221;4_4&#8243; _builder_version=&#8221;4.16&#8243; custom_padding=&#8221;|||&#8221; global_colors_info=&#8221;{}&#8221; custom_padding__hover=&#8221;|||&#8221;][et_pb_text admin_label=&#8221;Subtitle&#8221; _builder_version=&#8221;4.17.4&#8243; text_font=&#8221;Arial||||||||&#8221; text_text_color=&#8221;#000000&#8243; text_line_height=&#8221;1.8em&#8221; header_font=&#8221;||||||||&#8221; header_2_text_color=&#8221;#E09900&#8243; text_orientation=&#8221;justified&#8221; module_alignment=&#8221;center&#8221; custom_margin=&#8221;|||10px||&#8221; animation_direction=&#8221;bottom&#8221; global_colors_info=&#8221;{}&#8221;]<\/p>\n<h2>Pladent d.o.o. is a family business with a long tradition and excellence in the field of plastic casting, which was later extended to processing and converting of single-sided and double-sided adhesive tapes.<\/h2>\n<p>[\/et_pb_text][\/et_pb_column][\/et_pb_row][et_pb_row _builder_version=&#8221;4.21.0&#8243; _module_preset=&#8221;default&#8221; global_colors_info=&#8221;{}&#8221;][et_pb_column type=&#8221;4_4&#8243; _builder_version=&#8221;4.21.0&#8243; _module_preset=&#8221;default&#8221; global_colors_info=&#8221;{}&#8221;][et_pb_video src=&#8221;https:\/\/www.youtube.com\/watch?v=aySZFaeeHas&#038;t=1s&#8221; _builder_version=&#8221;4.21.0&#8243; _module_preset=&#8221;default&#8221; global_colors_info=&#8221;{}&#8221;][\/et_pb_video][\/et_pb_column][\/et_pb_row][et_pb_row _builder_version=&#8221;4.16&#8243; custom_margin=&#8221;-43px|auto||auto||&#8221; global_colors_info=&#8221;{}&#8221;][et_pb_column type=&#8221;4_4&#8243; _builder_version=&#8221;4.16&#8243; global_colors_info=&#8221;{}&#8221;][et_pb_text _builder_version=&#8221;4.25.1&#8243; text_font=&#8221;Arial||||||||&#8221; header_3_text_color=&#8221;#E09900&#8243; min_height=&#8221;48px&#8221; custom_padding=&#8221;||0px|||&#8221; hover_enabled=&#8221;0&#8243; global_colors_info=&#8221;{}&#8221; sticky_enabled=&#8221;0&#8243;]<\/p>\n<p style=\"text-align: justify;\">Ever <strong>since 1992<\/strong>, the company has been maintaining creative solutions and the highest levels of quality.The company is distinguished by long experience, ingenuity, quick response, flexibility as well as by creative energy and nonstandard approach to the challenges. We have designed our own<strong> in-house machines<\/strong> to achieve\u00a0optimal solutions\u00a0to our customers&#8217; needs.<\/p>\n<p style=\"text-align: justify;\">We continually upgrade our\u00a0<strong>ISO 9001:2015<\/strong>\u00a0registration which assures our commitment to the quality of our products and production facilities. To demonstrate our engagement, we consistently upgrade the quality of our products and production processes to meet our customers&#8217; expectations in terms of\u00a0product quality, quality control and short delivery times.<\/p>\n<p style=\"text-align: justify;\"><a href=\"https:\/\/pladent.si\/en\/celebrating-environmental-excellence-our-iso-14001-certification\/\" target=\"_blank\" rel=\"noopener\">In 2024, we have obtained the <strong>ISO14001 certificate, an international standard for environmental management systems.<\/strong><\/a><\/p>\n<p style=\"text-align: justify;\">Strategically situated in central Slovenia, within easy reach of the motorway and airport network, we can assure a reliable on-time delivery. Our storage facility allows for stock holding offering a one-day delivery to our regular customers, without having to pre-order.<\/p>\n<h3 style=\"text-align: justify;\"><strong>What we can do?<\/strong><\/h3>\n<p style=\"text-align: justify;\">Besides different ways of\u00a0plastic die casting\u00a0and adhesive tapes recasting \u2013\u00a0<strong>vacuum forming,\u00a0cutting and slitting<\/strong>\u00a0\u2013 we offer technical support and advising. Our product range of materials and tools are made to customer drawings and specifications, creating custom solutions and advising.<\/p>\n<p style=\"text-align: justify;\"><strong>Expertise, innovativeness and adaptability<\/strong> make us the perfect choice to meet our\u00a0customers&#8217;\u00a0needs and requirements. Improving quality while saving costs is our guaranteed commitment.<\/p>\n<p>[\/et_pb_text][\/et_pb_column][\/et_pb_row][et_pb_row column_structure=&#8221;1_2,1_2&#8243; _builder_version=&#8221;4.17.4&#8243; _module_preset=&#8221;default&#8221; global_colors_info=&#8221;{}&#8221;][et_pb_column type=&#8221;1_2&#8243; _builder_version=&#8221;4.17.4&#8243; _module_preset=&#8221;default&#8221; global_colors_info=&#8221;{}&#8221;][et_pb_text _builder_version=&#8221;4.17.4&#8243; _module_preset=&#8221;default&#8221; header_3_text_color=&#8221;#E09900&#8243; global_colors_info=&#8221;{}&#8221;]<\/p>\n<h3><strong>Our vision \/ Company policy<\/strong><\/h3>\n<p style=\"text-align: justify;\">Continuing to thrive as a business, we will look ahead and nurture interpersonal relationships and a network of suppliers and partners to create cooperation, inspired and motivated to achieve end-to-end solutions. We are looking for new partners, customers and suppliers within Slovenia as well as in foreign markets. The <strong>competencies of our employees are of strategic importance to us<\/strong>; we are willing to endeavour to continuing education and training of our employees, enabling the individual employee to develop and gain experience.<\/p>\n<p style=\"text-align: justify;\">We have always strived for innovativeness and flexibility, supporting\u00a0unpredictable and unconventional thinking in problem solving. Our vision serves as a building block of our commitment to excellence through innovation and expertise.<\/p>\n<p>[\/et_pb_text][\/et_pb_column][et_pb_column type=&#8221;1_2&#8243; _builder_version=&#8221;4.17.4&#8243; _module_preset=&#8221;default&#8221; global_colors_info=&#8221;{}&#8221;][et_pb_text _builder_version=&#8221;4.17.4&#8243; _module_preset=&#8221;default&#8221; header_3_text_color=&#8221;#E09900&#8243; global_colors_info=&#8221;{}&#8221;]<\/p>\n<h3><strong>Our goals:<\/strong><\/h3>\n<p style=\"text-align: justify;\">At Pladent, we go further to find new opportunities for sustainable development and innovative ways for environment protection.<\/p>\n<p style=\"text-align: justify;\">We are committed to comply with all relevant environmental laws, guidance and industry codes of practice.<\/p>\n<ul>\n<li>Satisfied customers.<\/li>\n<li>Contented employees.<\/li>\n<li>Preserving nature and reducing pollution.<\/li>\n<li>Short-time delivery terms.<\/li>\n<li>No delivery delays.<\/li>\n<li>No complaints.<\/li>\n<\/ul>\n<p>[\/et_pb_text][\/et_pb_column][\/et_pb_row][et_pb_row _builder_version=&#8221;4.24.0&#8243; _module_preset=&#8221;default&#8221; global_colors_info=&#8221;{}&#8221;][et_pb_column type=&#8221;4_4&#8243; _builder_version=&#8221;4.24.0&#8243; _module_preset=&#8221;default&#8221; global_colors_info=&#8221;{}&#8221;][et_pb_image src=&#8221;https:\/\/pladent.si\/wp-content\/uploads\/2024\/01\/AHK-member-logo-scaled.jpg&#8221; alt=&#8221;Pladent &#8211; \u010dlanstvo v slovensko nem\u0161ki gospodarski zbornici&#8221; title_text=&#8221;DESLO_member_all&#8221; url=&#8221;https:\/\/slowenien.ahk.de\/sl\/&#8221; url_new_window=&#8221;on&#8221; _builder_version=&#8221;4.24.0&#8243; _module_preset=&#8221;default&#8221; global_colors_info=&#8221;{}&#8221;][\/et_pb_image][\/et_pb_column][\/et_pb_row][et_pb_row _builder_version=&#8221;4.24.0&#8243; _module_preset=&#8221;default&#8221; global_colors_info=&#8221;{}&#8221;][et_pb_column type=&#8221;4_4&#8243; _builder_version=&#8221;4.24.0&#8243; _module_preset=&#8221;default&#8221; global_colors_info=&#8221;{}&#8221;][et_pb_text _builder_version=&#8221;4.24.0&#8243; _module_preset=&#8221;default&#8221; global_colors_info=&#8221;{}&#8221;]<\/p>\n<p>We are also a proud member of the <strong><a href=\"https:\/\/slowenien.ahk.de\/sl\/\" target=\"_blank\" rel=\"noopener\">Slovenian-German Chamber of Commerce (AHK Slovenia)<\/a><\/strong>. This step marks a significant milestone in our growth and development, reinforcing our role in the international business environment.<\/p>\n<p>Joining the Slovenian-German Chamber of Commerce opens doors to numerous new opportunities for <strong>collaboration, knowledge exchange, and expansion of our business network<\/strong>. We are confident that this affiliation will enhance our competitiveness in the market, allowing us to more effectively stay abreast of the latest trends and innovations in our industry.<\/p>\n<p>At Pladent, we believe in the <strong>power of connection and collaboration<\/strong> as key drivers of success. Partnering with the Slovenian-German Chamber of Commerce presents an excellent opportunity to build strong, mutually beneficial relationships and contribute to the creation of shared value. We are committed to sustainable development, excellence, and innovation\u2014values that align with those of the Slovenian-German Chamber of Commerce.<\/p>\n<p>[\/et_pb_text][\/et_pb_column][\/et_pb_row][et_pb_row _builder_version=&#8221;4.17.4&#8243; _module_preset=&#8221;default&#8221; global_colors_info=&#8221;{}&#8221;][et_pb_column type=&#8221;4_4&#8243; _builder_version=&#8221;4.17.4&#8243; _module_preset=&#8221;default&#8221; global_colors_info=&#8221;{}&#8221;][et_pb_button button_url=&#8221;http:\/\/www.pladent.si\/en\/contact&#8221; button_text=&#8221;Send Inquiry&#8221; button_alignment=&#8221;left&#8221; _builder_version=&#8221;4.13.0&#8243; custom_button=&#8221;on&#8221; button_text_size=&#8221;16px&#8221; button_text_color=&#8221;#ffffff&#8221; button_bg_color=&#8221;#e02b20&#8243; button_border_width=&#8221;0px&#8221; button_border_color=&#8221;#ffffff&#8221; button_border_radius=&#8221;10px&#8221; button_letter_spacing=&#8221;2px&#8221; button_font=&#8221;|700||on|||||&#8221; button_icon=&#8221;&#x45;||divi||400&#8243; custom_padding=&#8221;10px||9px||false|false&#8221; button_text_color_hover=&#8221;#ffffff&#8221; button_border_color_hover=&#8221;#ffffff&#8221; button_letter_spacing_hover=&#8221;2px&#8221; button_bg_color_hover=&#8221;rgba(0,0,0,0)&#8221; global_module=&#8221;2716&#8243; locked=&#8221;off&#8221; global_colors_info=&#8221;{}&#8221; button_text_size__hover_enabled=&#8221;off&#8221; button_one_text_size__hover_enabled=&#8221;off&#8221; button_two_text_size__hover_enabled=&#8221;off&#8221; button_text_color__hover_enabled=&#8221;on&#8221; button_text_color__hover=&#8221;#ffffff&#8221; button_one_text_color__hover_enabled=&#8221;off&#8221; button_two_text_color__hover_enabled=&#8221;off&#8221; button_border_width__hover_enabled=&#8221;off&#8221; button_one_border_width__hover_enabled=&#8221;off&#8221; button_two_border_width__hover_enabled=&#8221;off&#8221; button_border_color__hover_enabled=&#8221;on&#8221; button_border_color__hover=&#8221;#ffffff&#8221; button_one_border_color__hover_enabled=&#8221;off&#8221; button_two_border_color__hover_enabled=&#8221;off&#8221; button_border_radius__hover_enabled=&#8221;off&#8221; button_one_border_radius__hover_enabled=&#8221;off&#8221; button_two_border_radius__hover_enabled=&#8221;off&#8221; button_letter_spacing__hover_enabled=&#8221;on&#8221; button_letter_spacing__hover=&#8221;2px&#8221; button_one_letter_spacing__hover_enabled=&#8221;off&#8221; button_two_letter_spacing__hover_enabled=&#8221;off&#8221; button_bg_color__hover_enabled=&#8221;on|hover&#8221; button_bg_color__hover=&#8221;#e02b20&#8243; button_one_bg_color__hover_enabled=&#8221;off&#8221; button_two_bg_color__hover_enabled=&#8221;off&#8221; button_bg_enable_color__hover=&#8221;on&#8221;][\/et_pb_button][\/et_pb_column][\/et_pb_row][\/et_pb_section][et_pb_section fb_built=&#8221;1&#8243; _builder_version=&#8221;4.16&#8243; custom_margin=&#8221;-45px|||||&#8221; custom_padding=&#8221;||5px|||&#8221; global_colors_info=&#8221;{}&#8221;][et_pb_row _builder_version=&#8221;4.16&#8243; max_width=&#8221;1730px&#8221; custom_margin=&#8221;-21px|auto||auto||&#8221; custom_padding=&#8221;0px||18px|||&#8221; global_colors_info=&#8221;{}&#8221;][et_pb_column type=&#8221;4_4&#8243; _builder_version=&#8221;4.16&#8243; global_colors_info=&#8221;{}&#8221;][et_pb_divider divider_position=&#8221;bottom&#8221; divider_weight=&#8221;2px&#8221; _builder_version=&#8221;4.16&#8243; global_colors_info=&#8221;{}&#8221;][\/et_pb_divider][\/et_pb_column][\/et_pb_row][\/et_pb_section]<\/p>\n","protected":false},"excerpt":{"rendered":"<p>about usPladent d.o.o. is a family business with a long tradition and excellence in the field of plastic casting, which was later extended to processing and converting of single-sided and double-sided adhesive tapes.Ever since 1992, the company has been maintaining creative solutions and the highest levels of quality.The company is distinguished by long experience, ingenuity, [&hellip;]<\/p>\n","protected":false},"author":1,"featured_media":0,"parent":0,"menu_order":0,"comment_status":"closed","ping_status":"closed","template":"","meta":{"_et_pb_use_builder":"on","_et_pb_old_content":"<p>[et_pb_section fb_built=\"1\" admin_label=\"Hero\" _builder_version=\"4.4.2\" background_color=\"#fcd21d\" background_image=\"https:\/\/pladent.si\/wp-content\/uploads\/2020\/04\/banner-pene.jpg\" parallax=\"on\" custom_padding=\"67px|0px|67.1875px|0px|false|false\"][et_pb_row _builder_version=\"4.4.2\" custom_padding=\"27px|||||\" animation_direction=\"top\"][et_pb_column type=\"4_4\" _builder_version=\"3.25\" custom_padding=\"|||\" custom_padding__hover=\"|||\"][et_pb_text _builder_version=\"4.6.0\" text_font=\"||||||||\" header_font=\"Montserrat|700||on|||||\" header_text_color=\"#f7f7f7\" header_font_size=\"60px\" header_line_height=\"1.3em\" custom_margin=\"|||\" hover_enabled=\"0\" header_font_size_last_edited=\"off|desktop\" locked=\"off\" sticky_enabled=\"0\"]<\/p><h1><span style=\"color: #353740;\"><span style=\"color: #ffffff;\">O ans<\/span><br \/><\/span><\/h1><p>[\/et_pb_text][\/et_pb_column][\/et_pb_row][\/et_pb_section][et_pb_section fb_built=\"1\" admin_label=\"Creative Process Section\" _builder_version=\"3.22\" custom_padding=\"38px||6px|||\"][et_pb_row admin_label=\"Service Section Title\" _builder_version=\"4.4.2\" custom_margin=\"-35px|auto|40px|auto||\" custom_padding=\"||4px|||\" animation_direction=\"top\" saved_tabs=\"all\" locked=\"off\"][et_pb_column type=\"4_4\" _builder_version=\"3.25\" custom_padding=\"|||\" custom_padding__hover=\"|||\"][et_pb_text admin_label=\"Subtitle\" _builder_version=\"4.4.2\" text_font=\"Arial||||||||\" text_text_color=\"#000000\" text_line_height=\"1.8em\" header_font=\"||||||||\" text_orientation=\"justified\" module_alignment=\"center\" custom_margin=\"|||10px||\" animation_direction=\"bottom\"]<\/p><h3>Pladent d.o.o. je dru\u017einsko podjetje z dolgoletno tradicijo na podro\u010dju predelovanja plasti\u010dnih mas, ki smo jim kasneje dodali \u0161e obdelavo (razrez, razsek) enostranskih ali dvostranskih lepilnih materialov.<\/h3><p>[\/et_pb_text][\/et_pb_column][\/et_pb_row][et_pb_row _builder_version=\"4.4.2\" custom_margin=\"-43px|auto||auto||\"][et_pb_column type=\"4_4\" _builder_version=\"4.4.2\"][et_pb_text _builder_version=\"4.4.2\" text_font=\"Arial||||||||\" min_height=\"48px\" custom_padding=\"||0px|||\"]<\/p><p>Na\u0161im strankam \u017ee od leta <strong>1992<\/strong> ponujamo inovativne re\u0161itve in kakovostne izdelke. Odlikujejo nas dolgoletne izku\u0161nje, iznajdljivost, hitrost, fleksibilnost ter razmi\u0161ljanje izven okvirjev, saj smo za potrebe kupcev tudi\u00a0 sami zasnovali in izdelali stroje ter s tem dosegli najbolj <strong>optimalne re\u0161itve<\/strong>.<\/p><p>\u00a0<\/p><p>[\/et_pb_text][et_pb_image src=\"https:\/\/pladent.si\/wp-content\/uploads\/2020\/04\/glavni_trgi.jpg.png\" force_fullwidth=\"on\" align_tablet=\"center\" align_phone=\"\" align_last_edited=\"on|desktop\" _builder_version=\"4.4.2\" custom_margin=\"-28px|||||\" custom_padding=\"0px|||||\" animation_direction=\"right\" box_shadow_style=\"preset7\" box_shadow_horizontal=\"0px\" box_shadow_vertical=\"0px\" box_shadow_spread=\"10px\" box_shadow_color=\"#ffffff\"][\/et_pb_image][et_pb_text _builder_version=\"4.4.2\" text_font=\"Arial||||||||\"]<\/p><p>\u00a0<\/p><p>Delujemo na podro\u010dju <strong><a href=\"https:\/\/pladent.si\/sl\/vakuumiranje\">vakuumiranja<\/a>, obdelave enostranskih in dvostranskih <a href=\"https:\/\/pladent.si\/sl\/lepilni-trakovi\">lepilnih trakov<\/a><\/strong> (3M, Tesa, Nitto, idr.) ter <a href=\"https:\/\/pladent.si\/sl\/penasti-materiali\"><strong>penastih materialov<\/strong><\/a> (PE, EPDM, PUR itd.). Z razli\u010dni tehnologijami na\u0161im strankam ponujamo po <a href=\"https:\/\/pladent.si\/sl\/izsekovanje-razrez\">meri narejene <strong>kakovostne izdelke<\/strong><\/a> (materiale razre\u017eemo in dostavimo v tak\u0161ni obliki, da je \u010dim bolj optimalna za uporabo v proizvodnji). Odlikujejo nas hitro vzor\u010denje, prilagodljivost in kratki dobavni roki.<\/p><p>\u00a0<\/p><p>[\/et_pb_text][et_pb_image src=\"https:\/\/pladent.si\/wp-content\/uploads\/2020\/04\/primeri_uporabe1.jpg\" _builder_version=\"4.4.2\"][\/et_pb_image][et_pb_text _builder_version=\"4.4.8\" custom_margin=\"29px|||||\"]<\/p><h2>KAJ IZDELUJEMO?<\/h2><p>Na\u0161i izdelki se uporabljajo v <strong>avtomobilski industriji<\/strong>, industriji <strong>bele tehnike<\/strong>, <strong>gradbeni\u0161tvu<\/strong>, <strong>pakiranju<\/strong> itd. Na\u0161 proizvodnji program vklju\u010duje izdelke za <strong>tesnjenje, du\u0161enje in za\u0161\u010dito<\/strong> (prah, voda, mehanske po\u0161kodbe). Po meri izdelujemo nalepke iz razli\u010dnih lepilnih trakov, namenjene lepljenju in pritrjevanju razli\u010dnih materialov in povr\u0161in, du\u0161enju zvoka in vibracij. Izdelujemo tudi <strong>za\u0161\u010ditne cevke<\/strong> razli\u010dnih dimenzij iz polietilena in poliuretana. V svoji redni proizvodnji uporabljamo ve\u010d kot 110 razli\u010dnih materialov za ve\u010d kot 800 razli\u010dnih produktov. Za ohranjanje konkuren\u010dnosti tako na doma\u010dem kot tujem trgu nenehno <strong>posodabljamo strojni park<\/strong> ter uvajamo nove tehnologije.<\/p><p>Kvaliteto in strokovnost proizvodnje vsako leto potrdimo z <strong>ISO standardom<\/strong> ISO 9001:2015. Z nenehnimi izbolj\u0161avami proizvodnih procesov dose\u017eemo bolj\u0161o kakovost, bolj\u0161i nadzor nad kvaliteto izdelka ter kratke dobavne roke.<\/p><p>Strate\u0161ko locirani v osrednji Sloveniji, poleg avtoceste in glavnega letali\u0161\u010da, zagotavljamo pravo\u010dasno dostavo. S skladi\u0161\u010denjem izdelkov za redne stranke pa lahko material, brez predhodnega naro\u010dila, dostavimo tudi v istem dnevu.<\/p><p>[\/et_pb_text][et_pb_image src=\"https:\/\/pladent.si\/wp-content\/uploads\/2020\/04\/primeri_uporabe_2.jpg\" title_text=\"primeri_uporabe_2\" _builder_version=\"4.4.8\"][\/et_pb_image][et_pb_text _builder_version=\"4.4.8\" custom_margin=\"29px|||||\"]<\/p><h2>KAJ ZNAMO?<\/h2><p>Poleg razli\u010dnih na\u010dinov preoblikovanja plasti\u010dnih in lepilnih materialov \u2013 vakuumiranje, izsekavanje in razrez \u2013 vam nudimo tudi <strong>tehni\u010dno podporo in svetovanje<\/strong>. Po \u017eeljah kupcev nari\u0161emo in pripravimo tehni\u010dno dokumentacijo za izdelavo orodja in svetujemo pri izbiri najbolj primernega materiala za \u017eeljeno aplikacijo. Prilagajamo se <strong>va\u0161im \u017eeljam in zahtevam<\/strong> ter s pomo\u010djo izku\u0161enj, inovativnosti ter prilagodljivosti zmanj\u0161ujemo stro\u0161ke, vendar nikoli na ra\u010dun kakovosti.<\/p><p>[\/et_pb_text][\/et_pb_column][\/et_pb_row][et_pb_row admin_label=\"Feature Area\" _builder_version=\"4.4.2\" width=\"100%\" custom_margin=\"2px|auto||auto||\"][et_pb_column type=\"4_4\" _builder_version=\"3.25\" custom_padding=\"|||\" custom_padding__hover=\"|||\"][et_pb_image src=\"https:\/\/pladent.si\/wp-content\/uploads\/2020\/04\/zakaj_delati_z_nami.jpg.png\" _builder_version=\"4.4.2\"][\/et_pb_image][et_pb_text _builder_version=\"4.4.8\" custom_margin=\"29px|||||\"]<\/p><h2>VIZIJA IN POLITIKA VODENJA<\/h2><p>Tako kot v preteklosti, bomo tudi v prihodnosti ohranjali dobre odnose med zaposlenimi, dobavitelji in partnerji, saj se zavedamo, da so dobri medsebojni odnosi osnova za dobro in produktivno sodelovanje. I\u0161\u010demo nove partnerje, stranke in dobavitelje tako na slovenskem kot na tujem trgu. Nenehno <strong>izobra\u017eevanje in pridobivanje izku\u0161enj<\/strong> zaposlenih je del na\u0161ega vsakdana, kar nam bo tudi v prihodnje omogo\u010dalo biti najbolj\u0161i. Vedno smo stremeli k inovativnosti, fleksibilnosti, nepredvidljivosti in nekovencionalnosti pri iskanju novih re\u0161itev, kar nameravamo tudi v prihodnje. Zavezujemo se, da bomo pri svojem delovanju upo\u0161tevali vso veljavno zakonodajo in veljavne predpise. Izpolnjevali bomo vse obveze glede skladnosti.<\/p><h3><strong>Na\u0161i cilji:<\/strong><\/h3><ul><li>Iskanje novih prilo\u017enosti za izbolj\u0161evanje kakovosti ravnanja z okoljem in prepre\u010devanja onesna\u017eevanja okolja.<\/li><li>Zadovoljni kupci<\/li><li>Zadovoljni zaposleni<\/li><li>Ohranjanje narave in zmanj\u0161evanje vpliva na okolico<\/li><li>Kratki odzivni \u010dasi<\/li><li>Ni\u010d zamujanja dobav<\/li><li>Ni\u010d reklamacij<\/li><\/ul><p>Reference: www.tesa.com www.3m.com www.averydennison.com<\/p><p>[\/et_pb_text][et_pb_button button_text=\"Poglejte na\u0161o ponudbo\" button_alignment=\"left\" _builder_version=\"4.5.7\" custom_button=\"on\" button_text_size=\"16px\" button_text_color=\"#ffffff\" button_bg_color=\"#e02b20\" button_border_width=\"0px\" button_border_color=\"#ffffff\" button_border_radius=\"10px\" button_letter_spacing=\"2px\" button_font=\"|700||on|||||\" button_icon=\"%%36%%\" custom_margin=\"|||83px||\" custom_padding=\"10px||10px||false|false\" button_text_color_hover=\"#ffffff\" button_border_color_hover=\"#ffffff\" button_letter_spacing_hover=\"2px\" button_bg_color_hover=\"rgba(0,0,0,0)\" locked=\"off\" button_text_size__hover_enabled=\"off\" button_one_text_size__hover_enabled=\"off\" button_two_text_size__hover_enabled=\"off\" button_text_color__hover_enabled=\"on\" button_text_color__hover=\"#ffffff\" button_one_text_color__hover_enabled=\"off\" button_two_text_color__hover_enabled=\"off\" button_border_width__hover_enabled=\"off\" button_one_border_width__hover_enabled=\"off\" button_two_border_width__hover_enabled=\"off\" button_border_color__hover_enabled=\"on\" button_border_color__hover=\"#ffffff\" button_one_border_color__hover_enabled=\"off\" button_two_border_color__hover_enabled=\"off\" button_border_radius__hover_enabled=\"off\" button_one_border_radius__hover_enabled=\"off\" button_two_border_radius__hover_enabled=\"off\" button_letter_spacing__hover_enabled=\"on\" button_letter_spacing__hover=\"2px\" button_one_letter_spacing__hover_enabled=\"off\" button_two_letter_spacing__hover_enabled=\"off\" button_bg_color__hover_enabled=\"on|hover\" button_bg_color__hover=\"#e02b20\" button_one_bg_color__hover_enabled=\"off\" button_two_bg_color__hover_enabled=\"off\" button_bg_enable_color__hover=\"on\"][\/et_pb_button][\/et_pb_column][\/et_pb_row][\/et_pb_section][et_pb_section fb_built=\"1\" _builder_version=\"4.4.3\" custom_margin=\"-31px|||||\" custom_padding=\"||5px|||\"][et_pb_row _builder_version=\"4.4.3\" max_width=\"1730px\" custom_margin=\"-21px|auto||auto||\" custom_padding=\"||18px|||\"][et_pb_column type=\"4_4\" _builder_version=\"4.4.3\"][et_pb_divider divider_position=\"bottom\" divider_weight=\"2px\" _builder_version=\"4.4.2\"][\/et_pb_divider][\/et_pb_column][\/et_pb_row][\/et_pb_section]<\/p>","_et_gb_content_width":"","om_disable_all_campaigns":false,"_monsterinsights_skip_tracking":false,"_monsterinsights_sitenote_active":false,"_monsterinsights_sitenote_note":"","_monsterinsights_sitenote_category":0,"footnotes":""},"class_list":["post-2653","page","type-page","status-publish","hentry"],"aioseo_notices":[],"_links":{"self":[{"href":"https:\/\/pladent.si\/en\/wp-json\/wp\/v2\/pages\/2653","targetHints":{"allow":["GET"]}}],"collection":[{"href":"https:\/\/pladent.si\/en\/wp-json\/wp\/v2\/pages"}],"about":[{"href":"https:\/\/pladent.si\/en\/wp-json\/wp\/v2\/types\/page"}],"author":[{"embeddable":true,"href":"https:\/\/pladent.si\/en\/wp-json\/wp\/v2\/users\/1"}],"replies":[{"embeddable":true,"href":"https:\/\/pladent.si\/en\/wp-json\/wp\/v2\/comments?post=2653"}],"version-history":[{"count":11,"href":"https:\/\/pladent.si\/en\/wp-json\/wp\/v2\/pages\/2653\/revisions"}],"predecessor-version":[{"id":4321,"href":"https:\/\/pladent.si\/en\/wp-json\/wp\/v2\/pages\/2653\/revisions\/4321"}],"wp:attachment":[{"href":"https:\/\/pladent.si\/en\/wp-json\/wp\/v2\/media?parent=2653"}],"curies":[{"name":"wp","href":"https:\/\/api.w.org\/{rel}","templated":true}]}}